{"id":47,"date":"2024-01-04T13:47:02","date_gmt":"2024-01-04T13:47:02","guid":{"rendered":"https:\/\/www.td5.cz\/?page_id=47"},"modified":"2024-01-04T14:14:05","modified_gmt":"2024-01-04T14:14:05","slug":"toomich-4x4-eshop","status":"publish","type":"page","link":"https:\/\/www.td5.cz\/?page_id=47","title":{"rendered":"TOOMICH 4&#215;4 Eshop"},"content":{"rendered":"\n<p>N\u00e1\u0161 internetov\u00fd obchod zam\u011b\u0159en\u00fd na cestov\u00e1n\u00ed a offroad. <\/p>\n\n\n\n<p><a href=\"http:\/\/www.toomich.cz\">www.toomich.cz<\/a><\/p>\n","protected":false},"excerpt":{"rendered":"<p>N\u00e1\u0161 internetov\u00fd obchod zam\u011b\u0159en\u00fd na cestov\u00e1n\u00ed a offroad. www.toomich.cz<\/p>\n","protected":false},"author":1,"featured_media":0,"parent":0,"menu_order":0,"comment_status":"closed","ping_status":"closed","template":"","meta":{"_monsterinsights_skip_tracking":false,"_monsterinsights_sitenote_active":false,"_monsterinsights_sitenote_note":"","_monsterinsights_sitenote_category":0,"_uf_show_specific_survey":0,"_uf_disable_surveys":false,"footnotes":""},"class_list":["post-47","page","type-page","status-publish","hentry"],"aioseo_notices":[],"_links":{"self":[{"href":"https:\/\/www.td5.cz\/index.php?rest_route=\/wp\/v2\/pages\/47","targetHints":{"allow":["GET"]}}],"collection":[{"href":"https:\/\/www.td5.cz\/index.php?rest_route=\/wp\/v2\/pages"}],"about":[{"href":"https:\/\/www.td5.cz\/index.php?rest_route=\/wp\/v2\/types\/page"}],"author":[{"embeddable":true,"href":"https:\/\/www.td5.cz\/index.php?rest_route=\/wp\/v2\/users\/1"}],"replies":[{"embeddable":true,"href":"https:\/\/www.td5.cz\/index.php?rest_route=%2Fwp%2Fv2%2Fcomments&post=47"}],"version-history":[{"count":3,"href":"https:\/\/www.td5.cz\/index.php?rest_route=\/wp\/v2\/pages\/47\/revisions"}],"predecessor-version":[{"id":54,"href":"https:\/\/www.td5.cz\/index.php?rest_route=\/wp\/v2\/pages\/47\/revisions\/54"}],"wp:attachment":[{"href":"https:\/\/www.td5.cz\/index.php?rest_route=%2Fwp%2Fv2%2Fmedia&parent=47"}],"curies":[{"name":"wp","href":"https:\/\/api.w.org\/{rel}","templated":true}]}}