{"id":70,"date":"2024-01-04T14:51:35","date_gmt":"2024-01-04T14:51:35","guid":{"rendered":"https:\/\/www.td5.cz\/?page_id=70"},"modified":"2024-01-23T11:35:34","modified_gmt":"2024-01-23T11:35:34","slug":"manualy-lr","status":"publish","type":"page","link":"https:\/\/www.td5.cz\/?page_id=70","title":{"rendered":"Manu\u00e1ly pro Land Rover a Range Rover"},"content":{"rendered":"\n<p>Servisn\u00ed manu\u00e1ly dle model\u016f:<\/p>\n\n\n\n<div class=\"wp-block-file\"><a id=\"wp-block-file--media-a39f33c0-2fef-4490-90fd-5be2771ef611\" href=\"https:\/\/www.td5.cz\/wp-content\/uploads\/2024\/01\/Range_Rover_Classic_1987.pdf\">Range Rover Classic 1987<\/a><a href=\"https:\/\/www.td5.cz\/wp-content\/uploads\/2024\/01\/Range_Rover_Classic_1987.pdf\" class=\"wp-block-file__button wp-element-button\" download aria-describedby=\"wp-block-file--media-a39f33c0-2fef-4490-90fd-5be2771ef611\">St\u00e1hnout<\/a><\/div>\n\n\n\n<div class=\"wp-block-file\"><a id=\"wp-block-file--media-0c4a6641-b614-4543-85ac-a56bc38201a4\" href=\"https:\/\/www.td5.cz\/wp-content\/uploads\/2024\/01\/Land_Rover_Defender_2007-2010.pdf\">Land Rover Defender 2007-2010<\/a><a href=\"https:\/\/www.td5.cz\/wp-content\/uploads\/2024\/01\/Land_Rover_Defender_2007-2010.pdf\" class=\"wp-block-file__button wp-element-button\" download aria-describedby=\"wp-block-file--media-0c4a6641-b614-4543-85ac-a56bc38201a4\">St\u00e1hnout<\/a><\/div>\n\n\n\n<div class=\"wp-block-file\"><a id=\"wp-block-file--media-7d74df4b-9b0e-4842-af07-7373c963d6e5\" href=\"https:\/\/www.td5.cz\/wp-content\/uploads\/2024\/01\/Range_Rover_L322_Workshop_Manual.pdf\">Range Rover L322_<\/a><a href=\"https:\/\/www.td5.cz\/wp-content\/uploads\/2024\/01\/Range_Rover_L322_Workshop_Manual.pdf\" class=\"wp-block-file__button wp-element-button\" download aria-describedby=\"wp-block-file--media-7d74df4b-9b0e-4842-af07-7373c963d6e5\">St\u00e1hnout<\/a><\/div>\n\n\n\n<div class=\"wp-block-file\"><a id=\"wp-block-file--media-dbe9f73c-bd6f-462c-b078-0985c234dc94\" href=\"https:\/\/www.td5.cz\/wp-content\/uploads\/2024\/01\/D2_Workshop_Manual.pdf\">Discovery 2 Workshop Manual<\/a><a href=\"https:\/\/www.td5.cz\/wp-content\/uploads\/2024\/01\/D2_Workshop_Manual.pdf\" class=\"wp-block-file__button wp-element-button\" download aria-describedby=\"wp-block-file--media-dbe9f73c-bd6f-462c-b078-0985c234dc94\">St\u00e1hnout<\/a><\/div>\n\n\n\n<div class=\"wp-block-file\"><a id=\"wp-block-file--media-d11e9f1d-b302-4761-9e25-9358eb05146c\" href=\"https:\/\/www.td5.cz\/wp-content\/uploads\/2024\/01\/D-2-Circuit-diagrams-00MY-RHD.pdf\">Discovery 2 Schema eletroinstalace od r.v.2000<\/a><a href=\"https:\/\/www.td5.cz\/wp-content\/uploads\/2024\/01\/D-2-Circuit-diagrams-00MY-RHD.pdf\" class=\"wp-block-file__button wp-element-button\" download aria-describedby=\"wp-block-file--media-d11e9f1d-b302-4761-9e25-9358eb05146c\">St\u00e1hnout<\/a><\/div>\n\n\n\n<p>P\u0159evodovky a rozvodovky:<\/p>\n\n\n\n<div class=\"wp-block-file\"><a id=\"wp-block-file--media-1249becd-d016-441e-b80c-ec8f898270fe\" href=\"http:\/\/www.td5.cz\/wp-content\/uploads\/2024\/01\/R380_Gearbox_Overhaul_Manual-1.pdf\" target=\"_blank\" rel=\"noreferrer noopener\">P\u0159\u00edru\u010dka pro gener\u00e1ln\u00ed opravu p\u0159evodovky R380<\/a><a href=\"http:\/\/www.td5.cz\/wp-content\/uploads\/2024\/01\/R380_Gearbox_Overhaul_Manual-1.pdf\" class=\"wp-block-file__button wp-element-button\" download aria-describedby=\"wp-block-file--media-1249becd-d016-441e-b80c-ec8f898270fe\">St\u00e1hnout<\/a><\/div>\n\n\n\n<div class=\"wp-block-file\"><a id=\"wp-block-file--media-364ba5c8-5695-4aad-a8a3-68fe99472b84\" href=\"https:\/\/www.td5.cz\/wp-content\/uploads\/2024\/01\/LT230T_Transfer_Box_Overhaul_Manual.pdf\" target=\"_blank\" rel=\"noreferrer noopener\">P\u0159\u00edru\u010dka pro gener\u00e1ln\u00ed opravu rozvodovky LT230<\/a><a href=\"https:\/\/www.td5.cz\/wp-content\/uploads\/2024\/01\/LT230T_Transfer_Box_Overhaul_Manual.pdf\" class=\"wp-block-file__button wp-element-button\" download aria-describedby=\"wp-block-file--media-364ba5c8-5695-4aad-a8a3-68fe99472b84\">St\u00e1hnout<\/a><\/div>\n\n\n\n<div class=\"wp-block-file\"><a id=\"wp-block-file--media-11dc4ea5-68d6-4eae-917a-447a4e8ba1ca\" href=\"https:\/\/www.td5.cz\/wp-content\/uploads\/2024\/01\/ZF_4_HP_22_Transmission_Service_Manual.pdf\">Servisn\u00ed manu\u00e1l pro ZF 4 HP22 <\/a><a href=\"https:\/\/www.td5.cz\/wp-content\/uploads\/2024\/01\/ZF_4_HP_22_Transmission_Service_Manual.pdf\" class=\"wp-block-file__button wp-element-button\" download aria-describedby=\"wp-block-file--media-11dc4ea5-68d6-4eae-917a-447a4e8ba1ca\">St\u00e1hnout<\/a><\/div>\n\n\n\n<div class=\"wp-block-file\"><a id=\"wp-block-file--media-1b1f9542-40da-49d2-99b7-6870479b342d\" href=\"https:\/\/www.td5.cz\/wp-content\/uploads\/2024\/01\/ZF_HP22_transmission_overhaul.pdf\">P\u0159\u00edru\u010dka pro gener\u00e1ln\u00ed opravu ZF 4 HP22 <\/a><a href=\"https:\/\/www.td5.cz\/wp-content\/uploads\/2024\/01\/ZF_HP22_transmission_overhaul.pdf\" class=\"wp-block-file__button wp-element-button\" download aria-describedby=\"wp-block-file--media-1b1f9542-40da-49d2-99b7-6870479b342d\">St\u00e1hnout<\/a><\/div>\n\n\n\n<p>Sankey p\u0159\u00edvesy:<\/p>\n\n\n\n<div class=\"wp-block-file\"><a id=\"wp-block-file--media-45d54271-6eae-4374-84d4-712331e35078\" href=\"https:\/\/www.td5.cz\/wp-content\/uploads\/2024\/01\/sankeytrailer1-2ton1957partscatalog.pdf\">Sankey 1\/5 tuny 1957 &#8211; Katalog d\u00edl\u016f <\/a><a href=\"https:\/\/www.td5.cz\/wp-content\/uploads\/2024\/01\/sankeytrailer1-2ton1957partscatalog.pdf\" class=\"wp-block-file__button wp-element-button\" download aria-describedby=\"wp-block-file--media-45d54271-6eae-4374-84d4-712331e35078\">St\u00e1hnout<\/a><\/div>\n\n\n\n<p><\/p>\n\n\n\n<div class=\"wp-block-file\"><a id=\"wp-block-file--media-5f3ca30a-117a-464a-bd58-078a27dbf428\" href=\"https:\/\/www.td5.cz\/wp-content\/uploads\/2024\/01\/sankeytrailer3-4ton1970partscatalog.pdf\">Sankey 3\/4tuny 1970 &#8211; Katalog d\u00edl\u016f<\/a><a href=\"https:\/\/www.td5.cz\/wp-content\/uploads\/2024\/01\/sankeytrailer3-4ton1970partscatalog.pdf\" class=\"wp-block-file__button wp-element-button\" download aria-describedby=\"wp-block-file--media-5f3ca30a-117a-464a-bd58-078a27dbf428\">St\u00e1hnout<\/a><\/div>\n\n\n\n<div class=\"wp-block-file\"><a id=\"wp-block-file--media-d0d92864-d767-497f-b9bc-f2dc1dd138ca\" href=\"https:\/\/www.td5.cz\/wp-content\/uploads\/2024\/01\/sankeytrailer3-4tonwide1980partscatalog28229.pdf\">Sankey 3\/4 tuny 1980 &#8211; Katalog d\u00edl\u016f<\/a><a href=\"https:\/\/www.td5.cz\/wp-content\/uploads\/2024\/01\/sankeytrailer3-4tonwide1980partscatalog28229.pdf\" class=\"wp-block-file__button wp-element-button\" download aria-describedby=\"wp-block-file--media-d0d92864-d767-497f-b9bc-f2dc1dd138ca\">St\u00e1hnout<\/a><\/div>\n\n\n\n<div class=\"wp-block-file\"><a id=\"wp-block-file--media-2f2d4ac9-7f0c-4655-8a86-fd550cd59723\" href=\"https:\/\/www.td5.cz\/wp-content\/uploads\/2024\/01\/sankeytrailer3-4tonwide1994partscatalog_fixed.pdf\">Sankey 3\/4 tuny 1994 &#8211; Katalog d\u00edl\u016f<\/a><a href=\"https:\/\/www.td5.cz\/wp-content\/uploads\/2024\/01\/sankeytrailer3-4tonwide1994partscatalog_fixed.pdf\" class=\"wp-block-file__button wp-element-button\" download aria-describedby=\"wp-block-file--media-2f2d4ac9-7f0c-4655-8a86-fd550cd59723\">St\u00e1hnout<\/a><\/div>\n","protected":false},"excerpt":{"rendered":"<p>Servisn\u00ed manu\u00e1ly dle model\u016f: P\u0159evodovky a rozvodovky: Sankey p\u0159\u00edvesy:<\/p>\n","protected":false},"author":1,"featured_media":0,"parent":0,"menu_order":5,"comment_status":"closed","ping_status":"closed","template":"","meta":{"_monsterinsights_skip_tracking":false,"_monsterinsights_sitenote_active":false,"_monsterinsights_sitenote_note":"","_monsterinsights_sitenote_category":0,"_uf_show_specific_survey":0,"_uf_disable_surveys":false,"footnotes":""},"class_list":["post-70","page","type-page","status-publish","hentry"],"aioseo_notices":[],"_links":{"self":[{"href":"https:\/\/www.td5.cz\/index.php?rest_route=\/wp\/v2\/pages\/70","targetHints":{"allow":["GET"]}}],"collection":[{"href":"https:\/\/www.td5.cz\/index.php?rest_route=\/wp\/v2\/pages"}],"about":[{"href":"https:\/\/www.td5.cz\/index.php?rest_route=\/wp\/v2\/types\/page"}],"author":[{"embeddable":true,"href":"https:\/\/www.td5.cz\/index.php?rest_route=\/wp\/v2\/users\/1"}],"replies":[{"embeddable":true,"href":"https:\/\/www.td5.cz\/index.php?rest_route=%2Fwp%2Fv2%2Fcomments&post=70"}],"version-history":[{"count":14,"href":"https:\/\/www.td5.cz\/index.php?rest_route=\/wp\/v2\/pages\/70\/revisions"}],"predecessor-version":[{"id":146,"href":"https:\/\/www.td5.cz\/index.php?rest_route=\/wp\/v2\/pages\/70\/revisions\/146"}],"wp:attachment":[{"href":"https:\/\/www.td5.cz\/index.php?rest_route=%2Fwp%2Fv2%2Fmedia&parent=70"}],"curies":[{"name":"wp","href":"https:\/\/api.w.org\/{rel}","templated":true}]}}