{"id":77,"date":"2024-01-04T15:48:46","date_gmt":"2024-01-04T15:48:46","guid":{"rendered":"https:\/\/www.td5.cz\/?page_id=77"},"modified":"2024-01-07T21:46:57","modified_gmt":"2024-01-07T21:46:57","slug":"discovery-2","status":"publish","type":"page","link":"https:\/\/www.td5.cz\/?page_id=77","title":{"rendered":"Discovery 2"},"content":{"rendered":"\n<figure class=\"wp-block-image aligncenter size-full is-resized\"><img loading=\"lazy\" decoding=\"async\" width=\"600\" height=\"400\" src=\"https:\/\/www.td5.cz\/wp-content\/uploads\/2024\/01\/land-rover-discovery-2-2002-2004.jpg\" alt=\"\" class=\"wp-image-101\" style=\"width:285px;height:auto\" srcset=\"https:\/\/www.td5.cz\/wp-content\/uploads\/2024\/01\/land-rover-discovery-2-2002-2004.jpg 600w, https:\/\/www.td5.cz\/wp-content\/uploads\/2024\/01\/land-rover-discovery-2-2002-2004-300x200.jpg 300w\" sizes=\"auto, (max-width: 600px) 100vw, 600px\" \/><\/figure>\n\n\n\n<p><strong>Profesion\u00e1ln\u00ed diagnostika, identifikace z\u00e1vad, n\u00e1vrh \u0159e\u0161en\u00ed<\/strong><\/p>\n\n\n\n<p><strong>Programov\u00e1n\u00ed kl\u00ed\u010d\u016f, oprava tla\u010d\u00edtek<\/strong><\/p>\n\n\n\n<p><strong>Konfigurace a nastaven\u00ed BCU jednotky<\/strong> po oprav\u00e1ch a po p\u0159id\u00e1n\u00ed \/ zm\u011bn\u011b v\u00fdbavy (odstran\u011bn\u00ed ACE, odstran\u011bn\u00ed m\u011bch\u016f a pod.)<\/p>\n\n\n\n<p><strong>Odstran\u011bn\u00ed immobilizeru<\/strong><br><em>U Discovery 2 \u010dasto doch\u00e1z\u00ed k poruch\u00e1m BCU (body control unit) jednotky. Je to zp\u016fsobeno jej\u00edm \u0161patn\u00fdm um\u00edst\u011bn\u00edm ve vozidle, a tak\u00e9 proveden\u00edm, kter\u00e9 nen\u00ed velice odoln\u00e9 proti vlhkosti. Tato jednotka je odpov\u011bdn\u00e1 za immobilizaci \u0159\u00edd\u00edc\u00ed jednotky motoru a p\u0159i jej\u00ed poru\u0161e ji\u017e nen\u00ed mo\u017en\u00e9 vozidlo nastartovat.<\/em><br><br><em>Jedn\u00e1 se o fyzickou \u00fapravu jednotky motoru, p\u0159i kter\u00e9 je nutn\u00e9 odp\u00e1jet, p\u0159eprogramovat a znovu nap\u00e1jet eprom.Takto upravenou jednotku nen\u00ed nutn\u00e9 p\u00e1rovat do vozidla, tzn. lze ji pou\u017e\u00edt v jak\u00e9mkoliv voze, jako n\u00e1hradn\u00ed, pro nouzov\u00e9 dojet\u00ed.<\/em><\/p>\n\n\n\n<p><\/p>\n\n\n\n<p><strong>Nefunk\u010dn\u00ed tempomat u Discovery 2 TD5, Defender TD5<\/strong><br><em>Pokud V\u00e1m, po zm\u011bn\u011b velikosti kol, p\u0159evodov\u00e9ho pom\u011bru diferenci\u00e1l\u016f, nebo p\u0159evodov\u00e9ho pom\u011bru reduk\u010dn\u00ed p\u0159evodovky, nefunguje tempopat, pak je to pravd\u011bpodobn\u011b zp\u016fsobeno jeho blokov\u00e1n\u00edm v \u0159\u00edd\u00edc\u00ed jednotce \/ ECU motoru. Program ECU vypo\u010d\u00edt\u00e1v\u00e1 z ot\u00e1\u010dek motoru a rychlosti vozidla za\u0159azen\u00fd rychlostn\u00ed stupe\u0148. Pokud se ot\u00e1\u010dky li\u0161\u00ed o v\u00edce ne\u017e 12%, pak je tempomat blokov\u00e1n. <\/em><br><em>Toto dok\u00e1\u017eeme \u0159e\u0161it proveden\u00edm nov\u00fdch v\u00fdpo\u010dt\u016f pro jednotliv\u00e9 rychlostn\u00ed stupn\u011b a \u00fapravou programu jednotky.<\/em><\/p>\n\n\n\n<p><\/p>\n","protected":false},"excerpt":{"rendered":"<p>Profesion\u00e1ln\u00ed diagnostika, identifikace z\u00e1vad, n\u00e1vrh \u0159e\u0161en\u00ed Programov\u00e1n\u00ed kl\u00ed\u010d\u016f, oprava tla\u010d\u00edtek Konfigurace a nastaven\u00ed BCU jednotky po oprav\u00e1ch a po p\u0159id\u00e1n\u00ed \/ zm\u011bn\u011b v\u00fdbavy (odstran\u011bn\u00ed ACE, odstran\u011bn\u00ed m\u011bch\u016f a pod.) Odstran\u011bn\u00ed immobilizeruU Discovery 2 \u010dasto doch\u00e1z\u00ed k poruch\u00e1m BCU (body control unit) jednotky. Je to zp\u016fsobeno jej\u00edm \u0161patn\u00fdm um\u00edst\u011bn\u00edm ve vozidle, a tak\u00e9 proveden\u00edm, kter\u00e9 nen\u00ed [&hellip;]<\/p>\n","protected":false},"author":1,"featured_media":0,"parent":2,"menu_order":0,"comment_status":"open","ping_status":"closed","template":"","meta":{"_monsterinsights_skip_tracking":false,"_monsterinsights_sitenote_active":false,"_monsterinsights_sitenote_note":"","_monsterinsights_sitenote_category":0,"_uf_show_specific_survey":0,"_uf_disable_surveys":false,"footnotes":""},"class_list":["post-77","page","type-page","status-publish","hentry"],"aioseo_notices":[],"_links":{"self":[{"href":"https:\/\/www.td5.cz\/index.php?rest_route=\/wp\/v2\/pages\/77","targetHints":{"allow":["GET"]}}],"collection":[{"href":"https:\/\/www.td5.cz\/index.php?rest_route=\/wp\/v2\/pages"}],"about":[{"href":"https:\/\/www.td5.cz\/index.php?rest_route=\/wp\/v2\/types\/page"}],"author":[{"embeddable":true,"href":"https:\/\/www.td5.cz\/index.php?rest_route=\/wp\/v2\/users\/1"}],"replies":[{"embeddable":true,"href":"https:\/\/www.td5.cz\/index.php?rest_route=%2Fwp%2Fv2%2Fcomments&post=77"}],"version-history":[{"count":7,"href":"https:\/\/www.td5.cz\/index.php?rest_route=\/wp\/v2\/pages\/77\/revisions"}],"predecessor-version":[{"id":118,"href":"https:\/\/www.td5.cz\/index.php?rest_route=\/wp\/v2\/pages\/77\/revisions\/118"}],"up":[{"embeddable":true,"href":"https:\/\/www.td5.cz\/index.php?rest_route=\/wp\/v2\/pages\/2"}],"wp:attachment":[{"href":"https:\/\/www.td5.cz\/index.php?rest_route=%2Fwp%2Fv2%2Fmedia&parent=77"}],"curies":[{"name":"wp","href":"https:\/\/api.w.org\/{rel}","templated":true}]}}